{"id":426,"date":"2025-04-23T19:19:30","date_gmt":"2025-04-23T17:19:30","guid":{"rendered":"https:\/\/green-net-multiservices.lu\/legal-notices-g-c-u\/"},"modified":"2025-07-19T21:58:11","modified_gmt":"2025-07-19T19:58:11","slug":"legal-notices","status":"publish","type":"page","link":"https:\/\/green-net-multiservices.lu\/en\/legal-notices\/","title":{"rendered":"Legal Notices &#038; G.C.U"},"content":{"rendered":"<div id='av_section_1'  class='avia-section av-ck29-fc780fe121cad02724ee5d91cdb74001 main_color avia-section-default avia-no-border-styling  avia-builder-el-0  el_before_av_section  avia-builder-el-first  avia-bg-style-scroll container_wrap fullsize'  ><div class='container av-section-cont-open' ><main  role=\"main\" itemprop=\"mainContentOfPage\"  class='template-page content  av-content-full alpha units'><div class='post-entry post-entry-type-page post-entry-426'><div class='entry-content-wrapper clearfix'>\n\n<style type=\"text\/css\" data-created_by=\"avia_inline_auto\" id=\"style-css-av-9o0p-a34e921b0e61f907597237bcdddac18e\">\n#top .av-special-heading.av-9o0p-a34e921b0e61f907597237bcdddac18e{\nmargin:0 0 0 0;\npadding-bottom:0;\nfont-size:50px;\n}\nbody .av-special-heading.av-9o0p-a34e921b0e61f907597237bcdddac18e .av-special-heading-tag .heading-char{\nfont-size:25px;\n}\n#top #wrap_all .av-special-heading.av-9o0p-a34e921b0e61f907597237bcdddac18e .av-special-heading-tag{\nfont-size:50px;\n}\n.av-special-heading.av-9o0p-a34e921b0e61f907597237bcdddac18e .av-subheading{\nfont-size:23px;\n}\n\n@media only screen and (min-width: 480px) and (max-width: 767px){ \n#top #wrap_all .av-special-heading.av-9o0p-a34e921b0e61f907597237bcdddac18e .av-special-heading-tag{\nfont-size:0.8em;\n}\n}\n\n@media only screen and (max-width: 479px){ \n#top #wrap_all .av-special-heading.av-9o0p-a34e921b0e61f907597237bcdddac18e .av-special-heading-tag{\nfont-size:0.8em;\n}\n}\n<\/style>\n<div  class='av-special-heading av-9o0p-a34e921b0e61f907597237bcdddac18e av-special-heading-h2 blockquote modern-quote modern-centered  avia-builder-el-1  el_before_av_textblock  avia-builder-el-first  av-inherit-size'><h2 class='av-special-heading-tag '  itemprop=\"headline\"  >Legal Notices<\/h2><div class=\"special-heading-border\"><div class=\"special-heading-inner-border\"><\/div><\/div><\/div>\n<section  class='av_textblock_section av-m9ve6mpk-0e4a5e46705d4b1e57ba9b0d1d9ba983 '   itemscope=\"itemscope\" itemtype=\"https:\/\/schema.org\/CreativeWork\" ><div class='avia_textblock'  itemprop=\"text\" ><h3>Company<\/h3>\n<p>S.A.R.L GREEN NET MULTISERVICES<br \/>\nShare capital: \u20ac5,000<br \/>\nAddress: 1 rue de Turi L-3378 Livange Roeser Luxembourg<br \/>\nTelephone: +352 284 841 14<br \/>\nEmail address: s.boussouf@green-net-multiservices.lu<br \/>\nIntra-community VAT:<br \/>\nRegistration in the Trade and Companies Register: B291522<\/p>\n<p>Publication Director: Mr. Samir Boussouf<\/p>\n<p>The website <a href=\"https:\/\/green-net-multiservices.lu\/en\/\">www.green-net-multiservices.lu<\/a> (the Site) is the exclusive property of GREEN NET MULTISERVICES.<\/p>\n<h3>Host<\/h3>\n<p>1&#038;1 IONOS<br \/>\n<a href=\"https:\/\/www.ionos.fr\/\" target=\"_blank\" rel=\"noreferrer noopener\">www.ionos.fr<\/a><br \/>\nAddress: 7 Place de la Gare, 57200 Sarreguemines C<br \/>\nShare capital: \u20ac100,000<br \/>\nSiret: 43130377500016<\/p>\n<\/div><\/section>\n<\/div><\/div><\/main><!-- close content main element --><\/div><\/div><div id='av_section_2'  class='avia-section av-7zoh-cd323fd0608d51fc9938680ea9b17400 main_color avia-section-default avia-no-border-styling  avia-builder-el-3  el_after_av_section  avia-builder-el-last  avia-bg-style-scroll container_wrap fullsize'  ><div class='container av-section-cont-open' ><div class='template-page content  av-content-full alpha units'><div class='post-entry post-entry-type-page post-entry-426'><div class='entry-content-wrapper clearfix'>\n\n<style type=\"text\/css\" data-created_by=\"avia_inline_auto\" id=\"style-css-av-5337-6e256483ea4a816f0487a17f36092e5f\">\n#top .av-special-heading.av-5337-6e256483ea4a816f0487a17f36092e5f{\nmargin:0 0 0 0;\npadding-bottom:0;\nfont-size:50px;\n}\nbody .av-special-heading.av-5337-6e256483ea4a816f0487a17f36092e5f .av-special-heading-tag .heading-char{\nfont-size:25px;\n}\n#top #wrap_all .av-special-heading.av-5337-6e256483ea4a816f0487a17f36092e5f .av-special-heading-tag{\nfont-size:50px;\n}\n.av-special-heading.av-5337-6e256483ea4a816f0487a17f36092e5f .av-subheading{\nfont-size:23px;\n}\n\n@media only screen and (min-width: 480px) and (max-width: 767px){ \n#top #wrap_all .av-special-heading.av-5337-6e256483ea4a816f0487a17f36092e5f .av-special-heading-tag{\nfont-size:0.8em;\n}\n}\n\n@media only screen and (max-width: 479px){ \n#top #wrap_all .av-special-heading.av-5337-6e256483ea4a816f0487a17f36092e5f .av-special-heading-tag{\nfont-size:0.8em;\n}\n}\n<\/style>\n<div  class='av-special-heading av-5337-6e256483ea4a816f0487a17f36092e5f av-special-heading-h2 blockquote modern-quote modern-centered  avia-builder-el-4  el_before_av_textblock  avia-builder-el-first  av-inherit-size'><h2 class='av-special-heading-tag '  itemprop=\"headline\"  >General Conditions of Use<\/h2><div class=\"special-heading-border\"><div class=\"special-heading-inner-border\"><\/div><\/div><\/div>\n<section  class='av_textblock_section av-45g3-a0e79d171e93da6daacc6835559c341c '   itemscope=\"itemscope\" itemtype=\"https:\/\/schema.org\/CreativeWork\" ><div class='avia_textblock'  itemprop=\"text\" ><h3>Propri\u00e9t\u00e9 intellectuelle<\/h3>\n<p>De mani\u00e8re g\u00e9n\u00e9rale, les donn\u00e9es, les textes, les informations, les logos, les identit\u00e9s visuelles, les images anim\u00e9es ou non et leurs mises en forme, les vid\u00e9os, apparaissant sur le Site sont la propri\u00e9t\u00e9 de GREEN NET MULTISERVICES et sont prot\u00e9g\u00e9es \u00e0 ce titre par les dispositions du Code de la propri\u00e9t\u00e9 intellectuelle.<\/p>\n<p>Tout internaute s\u2019engage \u00e0 ne les utiliser que dans le cadre strict offert par le Site.<\/p>\n<h3>Politique de confidentialit\u00e9<\/h3>\n<p>L\u2019internaute peut \u00eatre amen\u00e9 \u00e0 fournir certaines donn\u00e9es personnelles en r\u00e9pondant aux formulaires qui lui sont propos\u00e9s sur le Site. La saisie de ces donn\u00e9es est n\u00e9cessaire au traitement de la demande de l\u2019internaute, par GREEN NET MULTISERVICES.<\/p>\n<p>GREEN NET MULTISERVICES s\u2019engage \u00e0 respecter les dispositions de la loi n\u00b078-17 du 6 janvier 1978 relative \u00e0 l\u2019informatique, aux fichiers et aux libert\u00e9s modifi\u00e9es et au R\u00e8glement (UE) 2016\/679 du Parlement europ\u00e9en et du Conseil du 27 avril 2016 dit <em>\u00ab\u00a0RGPD\u00a0\u00bb<\/em> et prendre toute pr\u00e9caution n\u00e9cessaire pour pr\u00e9server la s\u00e9curit\u00e9 des informations nominatives confi\u00e9es.<\/p>\n<h4>Responsable de traitement<\/h4>\n<p>GREEN NET MULTISERVICES traite les donn\u00e9es personnelles des internautes en qualit\u00e9 de responsable de traitement.<\/p>\n<h4>Donn\u00e9es personnelles trait\u00e9es et finalit\u00e9s de traitement<\/h4>\n<p>GREEN NET MULTISERVICES recueille sur le Site des donn\u00e9es personnelles d\u2019internautes ayant pris contact avec elle notamment via le formulaire de r\u00e9servation en ligne. Ces donn\u00e9es sont n\u00e9cessaires afin de r\u00e9pondre \u00e0 la sollicitation des internautes. Dans le cadre de la fourniture de ses services, GREEN NET MULTISERVICES traite uniquement les donn\u00e9es personnelles suivantes strictement n\u00e9cessaires \u00e0 leur demande de prise de contact\u00a0: nom, adresse email, t\u00e9l\u00e9phone et\u00a0adresse.<\/p>\n<p>La finalit\u00e9 de traitement de ces donn\u00e9es personnelles est de permettre \u00e0 GREEN NET MULTISERVICES de r\u00e9pondre aux sollicitations des internautes.<\/p>\n<h4>Destinataires des donn\u00e9es personnelles<\/h4>\n<p>Les donn\u00e9es personnelles collect\u00e9es sur le Site sont trait\u00e9es uniquement par l\u2019\u00e9quipe de GREEN NET MULTISERVICES.<\/p>\n<h4>Dur\u00e9e de conservation des donn\u00e9es personnelles<\/h4>\n<p>GREEN NET MULTISERVICES s\u2019engage \u00e0 conserver ces donn\u00e9es personnelles, sauf obligation l\u00e9gale ou r\u00e9glementaire contraire, pour une dur\u00e9e maximale de trois ans \u00e0 compter du dernier contact avec l\u2019internaute, qu\u2019il soit \u00e0 l\u2019initiative de GREEN NET MULTISERVICES ou de l\u2019internaute.<\/p>\n<p>\u00c0 l\u2019issue de cette dur\u00e9e ou en cas d\u2019exercice de ses droits par les internautes, GREEN NET MULTISERVICES s\u2019engage \u00e0 d\u00e9truire toute copie des donn\u00e9es personnelles des internautes qu\u2019elle d\u00e9tiendrait.<\/p>\n<h4>S\u00e9curit\u00e9 des donn\u00e9es personnelles<\/h4>\n<p>GREEN NET MULTISERVICES s\u2019engage, au titre de son obligation de moyens, \u00e0 prendre toutes les pr\u00e9cautions utiles et met en \u0153uvre des mesures techniques et organisationnelles appropri\u00e9es en la mati\u00e8re pour garantir un niveau de s\u00e9curit\u00e9 adapt\u00e9 et pour prot\u00e9ger les donn\u00e9es personnelles des internautes contre les alt\u00e9rations, destructions et acc\u00e8s non autoris\u00e9s.<\/p>\n<h4>Droits des internautes sur leurs donn\u00e9es personnelles<\/h4>\n<p>Les internautes ont la possibilit\u00e9 d\u2019exercer leurs droits d\u2019acc\u00e8s, de rectification, d\u2019effacement, d\u2019opposition, de limitation du traitement, de portabilit\u00e9 de leurs donn\u00e9es personnelles, droit de ne pas faire l\u2019objet d\u2019une d\u00e9cision individuelle automatis\u00e9e et droit de r\u00e9vocation de leur consentement, concernant les donn\u00e9es personnelles qu\u2019ils fournissent.<\/p>\n<p>Pour exercer l\u2019un de ces droits, il convient d\u2019adresser sa demande par email \u00e0 l\u2019adresse suivante\u00a0:\u00a0<a href=\"mailto:amotion.contact@gmail.com\"><em>amotion.contact@gmail.com<\/em><\/a><\/p>\n<p>GREEN NET MULTISERVICES s\u2019engage \u00e0 y r\u00e9pondre dans les meilleurs d\u00e9lais et au plus tard dans un d\u00e9lai d\u2019un mois \u00e0 compter de la r\u00e9ception de la demande.<\/p>\n<p>Si les internautes consid\u00e8rent que le traitement de leurs donn\u00e9es personnelles constitue une violation de la l\u00e9gislation en vigueur, les internautes ont la possibilit\u00e9 d\u2019introduire une r\u00e9clamation aupr\u00e8s de la CNIL.<\/p>\n<h4>Confidentialit\u00e9 des donn\u00e9es personnelles<\/h4>\n<p>GREEN NET MULTISERVICES garantit la confidentialit\u00e9 des donn\u00e9es personnelles trait\u00e9es et veille \u00e0 ce que les personnes autoris\u00e9es \u00e0 traiter lesdites donn\u00e9es personnelles s\u2019engagent \u00e9galement \u00e0 respecter cette obligation de confidentialit\u00e9.<\/p>\n<h3>Cookies<\/h3>\n<p>La navigation sur le Site est susceptible d\u2019entrainer l\u2019installation de cookies sur l\u2019ordinateur de l\u2019utilisateur.<\/p>\n<p>Les donn\u00e9es obtenues par le biais de ces cookies visent \u00e0 faciliter la navigation ult\u00e9rieure sur le Site et ont vocation \u00e0 permettre diverses mesures de fr\u00e9quentation sur ce dernier.<\/p>\n<p>L\u2019utilisateur du Site a la possibilit\u00e9 de d\u00e9sactiver les cookies en se rendant dans les options de son navigateur :<\/p>\n<ul>\n<li><a href=\"https:\/\/support.google.com\/chrome\/answer\/95647?hl=fr\" target=\"_blank\" rel=\"noreferrer noopener\">Google Chrome<\/a><\/li>\n<li><a href=\"https:\/\/support.mozilla.org\/fr\/kb\/activer-desactiver-cookies-preferences?redirectlocale=fr&#038;redirectslug=activer-desactiver-cookies\" target=\"_blank\" rel=\"noreferrer noopener\">Modzilla Firefox<\/a><\/li>\n<li><a href=\"https:\/\/support.apple.com\/kb\/PH17191?viewlocale=fr_FR&#038;locale=en_US\" target=\"_blank\" rel=\"noreferrer noopener\">Safari<\/a><\/li>\n<li><a href=\"https:\/\/help.opera.com\/en\/latest\/security-and-privacy\/\" target=\"_blank\" rel=\"noreferrer noopener\">Opera<\/a><\/li>\n<li><a href=\"https:\/\/support.microsoft.com\/fr-fr\/help\/17442\/windows-internet-explorer-delete-manage-cookies#ie=ie-11\" target=\"_blank\" rel=\"noreferrer noopener\">Internet Explorer<\/a><\/li>\n<li><a href=\"https:\/\/privacy.microsoft.com\/fr-fr\/windows-10-microsoft-edge-and-privacy\" target=\"_blank\" rel=\"noreferrer noopener\">Edge<\/a><\/li>\n<\/ul>\n<h3>Google Analytics<\/h3>\n<p>GREEN NET MULTISERVICES utilise Google Analytics pour suivre les internautes sur ce Site.<\/p>\n<p>Des cookies sont utilis\u00e9s par Google Analytics pour collecter ces donn\u00e9es.<\/p>\n<p>Afin de se conformer \u00e0 la nouvelle r\u00e9glementation, Google a inclut une modification au traitement des donn\u00e9es que les internautes peuvent consulter\u00a0sur la page suivante\u00a0:<\/p>\n<ul>\n<li><a href=\"https:\/\/www.google.com\/analytics\/terms\/dpa\/dataprocessingamendment_20130906.html\" target=\"_blank\" rel=\"noreferrer noopener\">Google Analytics<\/a><\/li>\n<\/ul>\n<p>GREEN NET MULTISERVICES s\u2019engage \u00e0 traiter anonymement les donn\u00e9es collect\u00e9es et \u00e0 d\u00e9sactiver le <em>\u00ab\u00a0partage de donn\u00e9es\u00a0\u00bb<\/em>.<\/p>\n<h3>Responsabilit\u00e9<\/h3>\n<p>La pr\u00e9sence de liens hypertextes pr\u00e9sents sur le Site ne cr\u00e9e pas une solidarit\u00e9 de responsabilit\u00e9 entre GREEN NET MULTISERVICES et les propri\u00e9taires des autres sites, quant au contenu des sites sur lesquels est redirig\u00e9 l\u2019internaute. Seule la responsabilit\u00e9 desdits sites peut \u00eatre engag\u00e9e.<\/p>\n<\/div><\/section>\n<\/p>\n","protected":false},"excerpt":{"rendered":"","protected":false},"author":2,"featured_media":0,"parent":0,"menu_order":0,"comment_status":"closed","ping_status":"open","template":"","meta":{"_monsterinsights_skip_tracking":false,"_monsterinsights_sitenote_active":false,"_monsterinsights_sitenote_note":"","_monsterinsights_sitenote_category":0,"footnotes":""},"class_list":["post-426","page","type-page","status-publish","hentry"],"yoast_head":"<!-- This site is optimized with the Yoast SEO plugin v27.5 - https:\/\/yoast.com\/product\/yoast-seo-wordpress\/ -->\n<title>Legal Notices &amp; G.C.U - GNM LUX<\/title>\n<meta name=\"robots\" content=\"index, follow, max-snippet:-1, max-image-preview:large, max-video-preview:-1\" \/>\n<link rel=\"canonical\" href=\"https:\/\/green-net-multiservices.lu\/en\/legal-notices\/\" \/>\n<meta property=\"og:locale\" content=\"en_US\" \/>\n<meta property=\"og:type\" content=\"article\" \/>\n<meta property=\"og:title\" content=\"Legal Notices &amp; G.C.U - GNM LUX\" \/>\n<meta property=\"og:url\" content=\"https:\/\/green-net-multiservices.lu\/en\/legal-notices\/\" \/>\n<meta property=\"og:site_name\" content=\"GNM LUX\" \/>\n<meta property=\"article:modified_time\" content=\"2025-07-19T19:58:11+00:00\" \/>\n<meta property=\"og:image\" content=\"https:\/\/green-net-multiservices.lu\/wp-content\/uploads\/2025\/05\/entretien-courant-nettoyage-specialise-facility-management-livange-luxembourg-green-net-multiservices.jpg\" \/>\n\t<meta property=\"og:image:width\" content=\"1920\" \/>\n\t<meta property=\"og:image:height\" content=\"1080\" \/>\n\t<meta property=\"og:image:type\" content=\"image\/jpeg\" \/>\n<meta name=\"twitter:card\" content=\"summary_large_image\" \/>\n<meta name=\"twitter:label1\" content=\"Est. reading time\" \/>\n\t<meta name=\"twitter:data1\" content=\"11 minutes\" \/>\n<script type=\"application\/ld+json\" class=\"yoast-schema-graph\">{\"@context\":\"https:\\\/\\\/schema.org\",\"@graph\":[{\"@type\":\"WebPage\",\"@id\":\"https:\\\/\\\/green-net-multiservices.lu\\\/en\\\/legal-notices\\\/\",\"url\":\"https:\\\/\\\/green-net-multiservices.lu\\\/en\\\/legal-notices\\\/\",\"name\":\"Legal Notices & G.C.U - GNM LUX\",\"isPartOf\":{\"@id\":\"https:\\\/\\\/green-net-multiservices.lu\\\/en\\\/#website\"},\"datePublished\":\"2025-04-23T17:19:30+00:00\",\"dateModified\":\"2025-07-19T19:58:11+00:00\",\"breadcrumb\":{\"@id\":\"https:\\\/\\\/green-net-multiservices.lu\\\/en\\\/legal-notices\\\/#breadcrumb\"},\"inLanguage\":\"en-US\",\"potentialAction\":[{\"@type\":\"ReadAction\",\"target\":[\"https:\\\/\\\/green-net-multiservices.lu\\\/en\\\/legal-notices\\\/\"]}]},{\"@type\":\"BreadcrumbList\",\"@id\":\"https:\\\/\\\/green-net-multiservices.lu\\\/en\\\/legal-notices\\\/#breadcrumb\",\"itemListElement\":[{\"@type\":\"ListItem\",\"position\":1,\"name\":\"Accueil\",\"item\":\"https:\\\/\\\/green-net-multiservices.lu\\\/en\\\/\"},{\"@type\":\"ListItem\",\"position\":2,\"name\":\"Legal Notices &#038; G.C.U\"}]},{\"@type\":\"WebSite\",\"@id\":\"https:\\\/\\\/green-net-multiservices.lu\\\/en\\\/#website\",\"url\":\"https:\\\/\\\/green-net-multiservices.lu\\\/en\\\/\",\"name\":\"Green Net Multiservices\",\"description\":\"Entretien, nettoyage et facility management au Luxembourg\",\"publisher\":{\"@id\":\"https:\\\/\\\/green-net-multiservices.lu\\\/en\\\/#organization\"},\"alternateName\":\"green net multiservices\",\"potentialAction\":[{\"@type\":\"SearchAction\",\"target\":{\"@type\":\"EntryPoint\",\"urlTemplate\":\"https:\\\/\\\/green-net-multiservices.lu\\\/en\\\/?s={search_term_string}\"},\"query-input\":{\"@type\":\"PropertyValueSpecification\",\"valueRequired\":true,\"valueName\":\"search_term_string\"}}],\"inLanguage\":\"en-US\"},{\"@type\":\"Organization\",\"@id\":\"https:\\\/\\\/green-net-multiservices.lu\\\/en\\\/#organization\",\"name\":\"Green Net Multiservices\",\"alternateName\":\"green net multiservices\",\"url\":\"https:\\\/\\\/green-net-multiservices.lu\\\/en\\\/\",\"logo\":{\"@type\":\"ImageObject\",\"inLanguage\":\"en-US\",\"@id\":\"https:\\\/\\\/green-net-multiservices.lu\\\/en\\\/#\\\/schema\\\/logo\\\/image\\\/\",\"url\":\"https:\\\/\\\/green-net-multiservices.lu\\\/wp-content\\\/uploads\\\/2025\\\/04\\\/green-net-multiservices-luxembourg-entretien-courant-nettoyage-specialise-facility-management-livange-favicon.png\",\"contentUrl\":\"https:\\\/\\\/green-net-multiservices.lu\\\/wp-content\\\/uploads\\\/2025\\\/04\\\/green-net-multiservices-luxembourg-entretien-courant-nettoyage-specialise-facility-management-livange-favicon.png\",\"width\":512,\"height\":512,\"caption\":\"Green Net Multiservices\"},\"image\":{\"@id\":\"https:\\\/\\\/green-net-multiservices.lu\\\/en\\\/#\\\/schema\\\/logo\\\/image\\\/\"}}]}<\/script>\n<!-- \/ Yoast SEO plugin. -->","yoast_head_json":{"title":"Legal Notices & G.C.U - GNM LUX","robots":{"index":"index","follow":"follow","max-snippet":"max-snippet:-1","max-image-preview":"max-image-preview:large","max-video-preview":"max-video-preview:-1"},"canonical":"https:\/\/green-net-multiservices.lu\/en\/legal-notices\/","og_locale":"en_US","og_type":"article","og_title":"Legal Notices & G.C.U - GNM LUX","og_url":"https:\/\/green-net-multiservices.lu\/en\/legal-notices\/","og_site_name":"GNM LUX","article_modified_time":"2025-07-19T19:58:11+00:00","og_image":[{"width":1920,"height":1080,"url":"https:\/\/green-net-multiservices.lu\/wp-content\/uploads\/2025\/05\/entretien-courant-nettoyage-specialise-facility-management-livange-luxembourg-green-net-multiservices.jpg","type":"image\/jpeg"}],"twitter_card":"summary_large_image","twitter_misc":{"Est. reading time":"11 minutes"},"schema":{"@context":"https:\/\/schema.org","@graph":[{"@type":"WebPage","@id":"https:\/\/green-net-multiservices.lu\/en\/legal-notices\/","url":"https:\/\/green-net-multiservices.lu\/en\/legal-notices\/","name":"Legal Notices & G.C.U - GNM LUX","isPartOf":{"@id":"https:\/\/green-net-multiservices.lu\/en\/#website"},"datePublished":"2025-04-23T17:19:30+00:00","dateModified":"2025-07-19T19:58:11+00:00","breadcrumb":{"@id":"https:\/\/green-net-multiservices.lu\/en\/legal-notices\/#breadcrumb"},"inLanguage":"en-US","potentialAction":[{"@type":"ReadAction","target":["https:\/\/green-net-multiservices.lu\/en\/legal-notices\/"]}]},{"@type":"BreadcrumbList","@id":"https:\/\/green-net-multiservices.lu\/en\/legal-notices\/#breadcrumb","itemListElement":[{"@type":"ListItem","position":1,"name":"Accueil","item":"https:\/\/green-net-multiservices.lu\/en\/"},{"@type":"ListItem","position":2,"name":"Legal Notices &#038; G.C.U"}]},{"@type":"WebSite","@id":"https:\/\/green-net-multiservices.lu\/en\/#website","url":"https:\/\/green-net-multiservices.lu\/en\/","name":"Green Net Multiservices","description":"Entretien, nettoyage et facility management au Luxembourg","publisher":{"@id":"https:\/\/green-net-multiservices.lu\/en\/#organization"},"alternateName":"green net multiservices","potentialAction":[{"@type":"SearchAction","target":{"@type":"EntryPoint","urlTemplate":"https:\/\/green-net-multiservices.lu\/en\/?s={search_term_string}"},"query-input":{"@type":"PropertyValueSpecification","valueRequired":true,"valueName":"search_term_string"}}],"inLanguage":"en-US"},{"@type":"Organization","@id":"https:\/\/green-net-multiservices.lu\/en\/#organization","name":"Green Net Multiservices","alternateName":"green net multiservices","url":"https:\/\/green-net-multiservices.lu\/en\/","logo":{"@type":"ImageObject","inLanguage":"en-US","@id":"https:\/\/green-net-multiservices.lu\/en\/#\/schema\/logo\/image\/","url":"https:\/\/green-net-multiservices.lu\/wp-content\/uploads\/2025\/04\/green-net-multiservices-luxembourg-entretien-courant-nettoyage-specialise-facility-management-livange-favicon.png","contentUrl":"https:\/\/green-net-multiservices.lu\/wp-content\/uploads\/2025\/04\/green-net-multiservices-luxembourg-entretien-courant-nettoyage-specialise-facility-management-livange-favicon.png","width":512,"height":512,"caption":"Green Net Multiservices"},"image":{"@id":"https:\/\/green-net-multiservices.lu\/en\/#\/schema\/logo\/image\/"}}]}},"_links":{"self":[{"href":"https:\/\/green-net-multiservices.lu\/en\/wp-json\/wp\/v2\/pages\/426","targetHints":{"allow":["GET"]}}],"collection":[{"href":"https:\/\/green-net-multiservices.lu\/en\/wp-json\/wp\/v2\/pages"}],"about":[{"href":"https:\/\/green-net-multiservices.lu\/en\/wp-json\/wp\/v2\/types\/page"}],"author":[{"embeddable":true,"href":"https:\/\/green-net-multiservices.lu\/en\/wp-json\/wp\/v2\/users\/2"}],"replies":[{"embeddable":true,"href":"https:\/\/green-net-multiservices.lu\/en\/wp-json\/wp\/v2\/comments?post=426"}],"version-history":[{"count":3,"href":"https:\/\/green-net-multiservices.lu\/en\/wp-json\/wp\/v2\/pages\/426\/revisions"}],"predecessor-version":[{"id":471,"href":"https:\/\/green-net-multiservices.lu\/en\/wp-json\/wp\/v2\/pages\/426\/revisions\/471"}],"wp:attachment":[{"href":"https:\/\/green-net-multiservices.lu\/en\/wp-json\/wp\/v2\/media?parent=426"}],"curies":[{"name":"wp","href":"https:\/\/api.w.org\/{rel}","templated":true}]}}